{"id":10,"date":"2024-10-08T09:18:04","date_gmt":"2024-10-08T09:18:04","guid":{"rendered":"http:\/\/taxilarapita.com\/?page_id=10"},"modified":"2025-04-03T13:18:16","modified_gmt":"2025-04-03T13:18:16","slug":"home","status":"publish","type":"page","link":"https:\/\/taxilarapita.com\/","title":{"rendered":"home"},"content":{"rendered":"<p>[et_pb_section fb_built=\u00bb1&#8243; admin_label=\u00bbHeader\u00bb _builder_version=\u00bb4.27.2&#8243; use_background_color_gradient=\u00bbon\u00bb background_color_gradient_stops=\u00bbrgba(0,0,0,0) 0%|#000000 62%\u00bb background_color_gradient_overlays_image=\u00bbon\u00bb background_color_gradient_start=\u00bbrgba(23,0,190,0.3)\u00bb background_color_gradient_end=\u00bbrgba(23,0,190,0.9)\u00bb background_color_gradient_end_position=\u00bb64%\u00bb background_image=\u00bbhttp:\/\/taxilarapita.com\/wp-content\/uploads\/2024\/10\/detailing-04.jpg\u00bb custom_padding=\u00bb10vw||||false|false\u00bb global_colors_info=\u00bb{}\u00bb][et_pb_row _builder_version=\u00bb4.16&#8243; z_index=\u00bb10&#8243; max_width=\u00bbnone\u00bb global_colors_info=\u00bb{}\u00bb][et_pb_column type=\u00bb4_4&#8243; _builder_version=\u00bb4.16&#8243; global_colors_info=\u00bb{}\u00bb][et_pb_text _builder_version=\u00bb4.16&#8243; text_font_size=\u00bb16px\u00bb text_line_height=\u00bb1.8em\u00bb header_font=\u00bbKanit|700|||||||\u00bb header_font_size=\u00bb8vw\u00bb background_layout=\u00bbdark\u00bb width=\u00bb70%\u00bb custom_margin=\u00bb||150px|||\u00bb header_font_size_tablet=\u00bb\u00bb header_font_size_phone=\u00bb42px\u00bb header_font_size_last_edited=\u00bbon|phone\u00bb global_colors_info=\u00bb{}\u00bb]<\/p>\n<h1>Taxi la R\u00e0pita<\/h1>\n<p>[\/et_pb_text][et_pb_button button_url=\u00bbhttp:\/\/+34%20630%2081%2005%2093&#8243; button_text=\u00bbTruca ara\u00bb _builder_version=\u00bb4.27.2&#8243; custom_button=\u00bbon\u00bb button_text_color=\u00bb#000000&#8243; button_bg_color=\u00bb#ffffff\u00bb button_border_color=\u00bbrgba(0,0,0,0)\u00bb button_border_radius=\u00bb0px\u00bb button_font=\u00bbKanit|700|||||||\u00bb button_icon=\u00bb&#x24;||divi||400&#8243; background_layout=\u00bbdark\u00bb custom_padding=\u00bb15px|40px|15px|40px|true|true\u00bb locked=\u00bboff\u00bb global_colors_info=\u00bb{}\u00bb][\/et_pb_button][\/et_pb_column][\/et_pb_row][\/et_pb_section][et_pb_section fb_built=\u00bb1&#8243; custom_padding_last_edited=\u00bbon|tablet\u00bb admin_label=\u00bbAbout\u00bb _builder_version=\u00bb4.27.2&#8243; background_color=\u00bb#000000&#8243; use_background_color_gradient=\u00bbon\u00bb background_color_gradient_direction=\u00bb135deg\u00bb background_color_gradient_stops=\u00bbrgba(255,255,255,0) 50%|#ffffff 50%\u00bb background_color_gradient_start=\u00bbrgba(255,255,255,0)\u00bb background_color_gradient_start_position=\u00bb50%\u00bb background_color_gradient_end=\u00bb#ffffff\u00bb background_color_gradient_end_position=\u00bb0%\u00bb background_enable_image=\u00bboff\u00bb background_position=\u00bbtop_left\u00bb custom_padding=\u00bb0px|||||\u00bb custom_padding_tablet=\u00bb||||false|false\u00bb custom_padding_phone=\u00bb\u00bb background_last_edited=\u00bbon|tablet\u00bb background_color_gradient_stops_tablet=\u00bbrgba(255,255,255,0) 32%|#ffffff 32%\u00bb background_color_gradient_start_position_tablet=\u00bb32%\u00bb global_colors_info=\u00bb{}\u00bb][et_pb_row column_structure=\u00bb3_5,2_5&#8243; _builder_version=\u00bb4.16&#8243; width=\u00bb100%\u00bb max_width=\u00bbnone\u00bb custom_padding=\u00bb0px|||||\u00bb global_colors_info=\u00bb{}\u00bb][et_pb_column type=\u00bb3_5&#8243; _builder_version=\u00bb4.16&#8243; use_background_color_gradient=\u00bbon\u00bb background_color_gradient_direction=\u00bb-135deg\u00bb background_color_gradient_stops=\u00bbrgba(0,0,0,0) 25%|#ffffff 25%\u00bb background_color_gradient_start=\u00bbrgba(0,0,0,0)\u00bb background_color_gradient_start_position=\u00bb25%\u00bb background_color_gradient_end=\u00bb#ffffff\u00bb background_color_gradient_end_position=\u00bb0%\u00bb custom_padding=\u00bb10vw|20vw|10vw|10vw|true|false\u00bb custom_padding_tablet=\u00bb||||false|false\u00bb custom_padding_last_edited=\u00bboff|tablet\u00bb scroll_horizontal_motion_enable=\u00bbon\u00bb scroll_horizontal_motion=\u00bb0|70|70|100|2|0|0&#8243; scroll_horizontal_motion_tablet=\u00bb0|70|70|100|0|0|0&#8243; scroll_horizontal_motion_phone=\u00bb\u00bb scroll_horizontal_motion_last_edited=\u00bbon|tablet\u00bb box_shadow_style=\u00bbpreset4&#8243; box_shadow_horizontal=\u00bb-10vw\u00bb box_shadow_vertical=\u00bb0px\u00bb box_shadow_color=\u00bb#ffffff\u00bb global_colors_info=\u00bb{}\u00bb][et_pb_text _builder_version=\u00bb4.16&#8243; header_2_font=\u00bbKanit|700|||||||\u00bb header_2_font_size=\u00bb48px\u00bb header_2_line_height=\u00bb1.2em\u00bb max_width=\u00bb600px\u00bb header_2_font_size_tablet=\u00bb28px\u00bb header_2_font_size_phone=\u00bb18px\u00bb header_2_font_size_last_edited=\u00bbon|desktop\u00bb locked=\u00bboff\u00bb global_colors_info=\u00bb{}\u00bb]<\/p>\n<h2><span>Servei de taxi <br \/>Terres de l&#8217;Ebre<\/span><\/h2>\n<p>[\/et_pb_text][\/et_pb_column][et_pb_column type=\u00bb2_5&#8243; _builder_version=\u00bb4.16&#8243; global_colors_info=\u00bb{}\u00bb][et_pb_image src=\u00bbhttp:\/\/taxilarapita.com\/wp-content\/uploads\/2024\/10\/detailing-20.png\u00bb _builder_version=\u00bb4.27.2&#8243; custom_margin=\u00bb-10vw|||-10vw|false|false\u00bb custom_margin_tablet=\u00bb0vw|||0vw|false|false\u00bb custom_margin_phone=\u00bb\u00bb custom_margin_last_edited=\u00bbon|tablet\u00bb scroll_vertical_motion_enable=\u00bbon\u00bb scroll_vertical_motion=\u00bb0|50|50|100|1|0|-1&#8243; scroll_horizontal_motion_enable=\u00bbon\u00bb scroll_horizontal_motion=\u00bb0|100|100|100|-2|0|0&#8243; hover_enabled=\u00bb0&#8243; scroll_vertical_motion_tablet=\u00bb0|50|50|100|0|0|0&#8243; scroll_vertical_motion_last_edited=\u00bboff|tablet\u00bb scroll_horizontal_motion_tablet=\u00bb0|100|100|100|0|0|0&#8243; scroll_horizontal_motion_phone=\u00bb\u00bb scroll_horizontal_motion_last_edited=\u00bbon|tablet\u00bb global_colors_info=\u00bb{}\u00bb title_text=\u00bbdetailing-20&#8243; sticky_enabled=\u00bb0&#8243;][\/et_pb_image][\/et_pb_column][\/et_pb_row][et_pb_row column_structure=\u00bb1_2,1_2&#8243; _builder_version=\u00bb4.16&#8243; z_index=\u00bb12&#8243; global_colors_info=\u00bb{}\u00bb][et_pb_column type=\u00bb1_2&#8243; _builder_version=\u00bb4.16&#8243; global_colors_info=\u00bb{}\u00bb][\/et_pb_column][et_pb_column type=\u00bb1_2&#8243; _builder_version=\u00bb4.16&#8243; global_colors_info=\u00bb{}\u00bb][et_pb_text _builder_version=\u00bb4.16&#8243; header_2_font=\u00bbKanit|700|||||||\u00bb header_2_font_size=\u00bb48px\u00bb header_2_line_height=\u00bb1.2em\u00bb header_2_font_size_tablet=\u00bb\u00bb header_2_font_size_phone=\u00bb30px\u00bb header_2_font_size_last_edited=\u00bbon|phone\u00bb global_colors_info=\u00bb{}\u00bb]<\/p>\n<h2>100% Satisfaci\u00f3 garantida<\/h2>\n<p>[\/et_pb_text][\/et_pb_column][\/et_pb_row][\/et_pb_section][et_pb_section fb_built=\u00bb1&#8243; custom_padding_last_edited=\u00bboff|tablet\u00bb admin_label=\u00bbHow It Works\u00bb _builder_version=\u00bb4.27.2&#8243; z_index=\u00bb10&#8243; custom_padding=\u00bb0vw||||false|false\u00bb custom_padding_tablet=\u00bb||||false|false\u00bb bottom_divider_style=\u00bbslant\u00bb bottom_divider_color=\u00bb#000000&#8243; bottom_divider_height=\u00bb72vw\u00bb bottom_divider_flip=\u00bbhorizontal\u00bb global_colors_info=\u00bb{}\u00bb][et_pb_row column_structure=\u00bb1_3,1_3,1_3&#8243; custom_padding_last_edited=\u00bbon|phone\u00bb _builder_version=\u00bb4.27.2&#8243; background_color=\u00bb#9fd123&#8243; transform_skew=\u00bb0deg|36deg\u00bb transform_skew_linked=\u00bboff\u00bb position_origin_a=\u00bbbottom_center\u00bb z_index=\u00bb1&#8243; width=\u00bb100%\u00bb max_width=\u00bbnone\u00bb custom_margin=\u00bb6vw|auto||auto|false|false\u00bb custom_padding=\u00bb12vw|15vw|16vw|15vw|false|true\u00bb custom_padding_tablet=\u00bb|20px|24vw|20px|false|true\u00bb custom_padding_phone=\u00bb72px||32vw||false|true\u00bb scroll_vertical_motion_enable=\u00bbon\u00bb scroll_vertical_motion=\u00bb0|0|0|100|0|0|-4&#8243; scroll_vertical_motion_tablet=\u00bb0|0|0|100|0|0|0&#8243; scroll_vertical_motion_phone=\u00bb\u00bb scroll_vertical_motion_last_edited=\u00bbon|phone\u00bb locked=\u00bboff\u00bb global_colors_info=\u00bb{}\u00bb][et_pb_column type=\u00bb1_3&#8243; _builder_version=\u00bb4.16&#8243; transform_skew=\u00bb0deg|-36deg\u00bb transform_skew_linked=\u00bboff\u00bb global_colors_info=\u00bb{}\u00bb][et_pb_blurb title=\u00bbGaudeix de la conducci\u00f3 electrica\u00bb use_icon=\u00bbon\u00bb font_icon=\u00bb&#x52;||divi||400&#8243; icon_color=\u00bb#ffffff\u00bb image_icon_width=\u00bb48px\u00bb _builder_version=\u00bb4.16&#8243; header_font=\u00bbKanit|700|||||||\u00bb header_font_size=\u00bb24px\u00bb header_line_height=\u00bb1.4em\u00bb body_line_height=\u00bb1.8em\u00bb text_orientation=\u00bbcenter\u00bb background_layout=\u00bbdark\u00bb max_width_tablet=\u00bb400px\u00bb max_width_phone=\u00bb\u00bb max_width_last_edited=\u00bbon|tablet\u00bb module_alignment=\u00bbcenter\u00bb animation=\u00bboff\u00bb icon_font_size=\u00bb48px\u00bb global_colors_info=\u00bb{}\u00bb][\/et_pb_blurb][\/et_pb_column][et_pb_column type=\u00bb1_3&#8243; _builder_version=\u00bb4.16&#8243; transform_skew=\u00bb0deg|-36deg\u00bb transform_skew_linked=\u00bboff\u00bb global_colors_info=\u00bb{}\u00bb][et_pb_blurb title=\u00bb20+ anys d&#8217;experi\u00e8ncia\u00bb use_icon=\u00bbon\u00bb font_icon=\u00bb&#x52;||divi||400&#8243; icon_color=\u00bb#ffffff\u00bb image_icon_width=\u00bb48px\u00bb _builder_version=\u00bb4.27.2&#8243; header_font=\u00bbKanit|700|||||||\u00bb header_font_size=\u00bb24px\u00bb header_line_height=\u00bb1.4em\u00bb body_line_height=\u00bb1.8em\u00bb text_orientation=\u00bbcenter\u00bb background_layout=\u00bbdark\u00bb max_width_tablet=\u00bb400px\u00bb max_width_phone=\u00bb\u00bb max_width_last_edited=\u00bbon|tablet\u00bb module_alignment=\u00bbcenter\u00bb animation=\u00bboff\u00bb icon_font_size=\u00bb48px\u00bb locked=\u00bboff\u00bb global_colors_info=\u00bb{}\u00bb][\/et_pb_blurb][\/et_pb_column][et_pb_column type=\u00bb1_3&#8243; _builder_version=\u00bb4.16&#8243; transform_skew=\u00bb0deg|-36deg\u00bb transform_skew_linked=\u00bboff\u00bb global_colors_info=\u00bb{}\u00bb][et_pb_blurb title=\u00bbProfessional\u00bb use_icon=\u00bbon\u00bb font_icon=\u00bb&#x52;||divi||400&#8243; icon_color=\u00bb#ffffff\u00bb image_icon_width=\u00bb48px\u00bb _builder_version=\u00bb4.16&#8243; header_font=\u00bbKanit|700|||||||\u00bb header_font_size=\u00bb24px\u00bb header_line_height=\u00bb1.4em\u00bb body_line_height=\u00bb1.8em\u00bb text_orientation=\u00bbcenter\u00bb background_layout=\u00bbdark\u00bb max_width_tablet=\u00bb400px\u00bb max_width_phone=\u00bb\u00bb max_width_last_edited=\u00bbon|tablet\u00bb module_alignment=\u00bbcenter\u00bb animation=\u00bboff\u00bb hover_enabled=\u00bb0&#8243; icon_font_size=\u00bb48px\u00bb locked=\u00bboff\u00bb global_colors_info=\u00bb{}\u00bb sticky_enabled=\u00bb0&#8243;]Fusce posuere massa lectus, non placerat tortor varius ac. Praesent finibus lectus vel.[\/et_pb_blurb][\/et_pb_column][\/et_pb_row][et_pb_row column_structure=\u00bb1_3,1_3,1_3&#8243; use_custom_gutter=\u00bbon\u00bb gutter_width=\u00bb2&#8243; _builder_version=\u00bb4.16&#8243; max_width=\u00bb1160px\u00bb custom_margin=\u00bb-144px|auto||auto||\u00bb locked=\u00bboff\u00bb global_colors_info=\u00bb{}\u00bb][et_pb_column type=\u00bb1_3&#8243; _builder_version=\u00bb4.16&#8243; background_color=\u00bb#ffffff\u00bb custom_padding=\u00bb30px|24px|30px|24px|true|true\u00bb global_colors_info=\u00bb{}\u00bb][et_pb_blurb title=\u00bbDetall interior\u00bb image=\u00bbhttp:\/\/taxilarapita.com\/wp-content\/uploads\/2024\/10\/detailing-08.jpg\u00bb _builder_version=\u00bb4.27.2&#8243; header_font=\u00bbKanit|700|||||||\u00bb header_font_size=\u00bb24px\u00bb header_line_height=\u00bb1.4em\u00bb body_line_height=\u00bb1.8em\u00bb animation=\u00bboff\u00bb scroll_horizontal_motion_enable=\u00bbon\u00bb scroll_horizontal_motion=\u00bb0|50|50|100|-1|0|0&#8243; hover_enabled=\u00bb0&#8243; text_orientation_tablet=\u00bbcenter\u00bb text_orientation_phone=\u00bb\u00bb text_orientation_last_edited=\u00bbon|tablet\u00bb scroll_horizontal_motion_tablet=\u00bb0|50|50|100|0|0|0&#8243; scroll_horizontal_motion_phone=\u00bb\u00bb scroll_horizontal_motion_last_edited=\u00bbon|tablet\u00bb global_colors_info=\u00bb{}\u00bb sticky_enabled=\u00bb0&#8243; title_text=\u00bbdetailing-08&#8243;][\/et_pb_blurb][\/et_pb_column][et_pb_column type=\u00bb1_3&#8243; _builder_version=\u00bb4.16&#8243; background_color=\u00bb#ffffff\u00bb custom_padding=\u00bb30px|24px|30px|24px|true|true\u00bb global_colors_info=\u00bb{}\u00bb][et_pb_blurb title=\u00bbDetall exterior\u00bb image=\u00bbhttp:\/\/taxilarapita.com\/wp-content\/uploads\/2024\/10\/detailing-16.png\u00bb _builder_version=\u00bb4.27.2&#8243; header_font=\u00bbKanit|700|||||||\u00bb header_font_size=\u00bb24px\u00bb header_line_height=\u00bb1.4em\u00bb body_line_height=\u00bb1.8em\u00bb animation=\u00bboff\u00bb hover_enabled=\u00bb0&#8243; text_orientation_tablet=\u00bbcenter\u00bb text_orientation_phone=\u00bb\u00bb text_orientation_last_edited=\u00bbon|tablet\u00bb locked=\u00bboff\u00bb global_colors_info=\u00bb{}\u00bb title_text=\u00bbdetailing-16&#8243; sticky_enabled=\u00bb0&#8243;][\/et_pb_blurb][\/et_pb_column][et_pb_column type=\u00bb1_3&#8243; _builder_version=\u00bb4.16&#8243; background_color=\u00bb#ffffff\u00bb custom_padding=\u00bb30px|24px|30px|24px|true|true\u00bb global_colors_info=\u00bb{}\u00bb][et_pb_blurb title=\u00bbExcel\u00b7lent confort\u00bb image=\u00bbhttp:\/\/taxilarapita.com\/wp-content\/uploads\/2024\/10\/detailing-11.jpg\u00bb _builder_version=\u00bb4.27.2&#8243; header_font=\u00bbKanit|700|||||||\u00bb header_font_size=\u00bb24px\u00bb header_line_height=\u00bb1.4em\u00bb body_line_height=\u00bb1.8em\u00bb animation=\u00bboff\u00bb scroll_horizontal_motion_enable=\u00bbon\u00bb scroll_horizontal_motion=\u00bb0|50|50|100|1|0|0&#8243; hover_enabled=\u00bb0&#8243; text_orientation_tablet=\u00bbcenter\u00bb text_orientation_phone=\u00bb\u00bb text_orientation_last_edited=\u00bbon|tablet\u00bb scroll_horizontal_motion_tablet=\u00bb0|50|50|100|0|0|0&#8243; scroll_horizontal_motion_phone=\u00bb\u00bb scroll_horizontal_motion_last_edited=\u00bbon|tablet\u00bb locked=\u00bboff\u00bb global_colors_info=\u00bb{}\u00bb title_text=\u00bbdetailing-11&#8243; sticky_enabled=\u00bb0&#8243;][\/et_pb_blurb][\/et_pb_column][\/et_pb_row][\/et_pb_section][et_pb_section fb_built=\u00bb1&#8243; admin_label=\u00bbCTA\u00bb _builder_version=\u00bb4.27.2&#8243; use_background_color_gradient=\u00bbon\u00bb background_color_gradient_stops=\u00bb#000000 0%|rgba(23,0,190,0) 100%\u00bb background_color_gradient_overlays_image=\u00bbon\u00bb background_color_gradient_start=\u00bb#000000&#8243; background_color_gradient_end=\u00bbrgba(23,0,190,0)\u00bb background_image=\u00bbhttp:\/\/taxilarapita.com\/wp-content\/uploads\/2024\/10\/fonstaxi.jpg\u00bb custom_padding=\u00bb8vw||8vw||true|false\u00bb global_colors_info=\u00bb{}\u00bb][et_pb_row _builder_version=\u00bb4.16&#8243; global_colors_info=\u00bb{}\u00bb][et_pb_column type=\u00bb4_4&#8243; _builder_version=\u00bb4.16&#8243; global_colors_info=\u00bb{}\u00bb][et_pb_text _builder_version=\u00bb4.16&#8243; header_2_font=\u00bbKanit|700||on|||||\u00bb header_2_text_align=\u00bbcenter\u00bb header_2_font_size=\u00bb80px\u00bb header_2_letter_spacing=\u00bb12px\u00bb header_2_line_height=\u00bb1.2em\u00bb background_layout=\u00bbdark\u00bb module_alignment=\u00bbcenter\u00bb header_2_font_size_tablet=\u00bb60px\u00bb header_2_font_size_phone=\u00bb38px\u00bb header_2_font_size_last_edited=\u00bbon|phone\u00bb locked=\u00bboff\u00bb global_colors_info=\u00bb{}\u00bb]<\/p>\n<h2>Taxi la R\u00e0pita<\/h2>\n<p>[\/et_pb_text][\/et_pb_column][\/et_pb_row][\/et_pb_section][et_pb_section fb_built=\u00bb1&#8243; custom_padding_last_edited=\u00bbon|phone\u00bb admin_label=\u00bbFooter\u00bb _builder_version=\u00bb4.27.2&#8243; use_background_color_gradient=\u00bbon\u00bb background_color_gradient_stops=\u00bb#000000 0%|#9fd123 100%\u00bb background_color_gradient_start=\u00bb#000000&#8243; background_color_gradient_end=\u00bb#1700be\u00bb custom_margin=\u00bb180px||||false|false\u00bb custom_margin_tablet=\u00bb\u00bb custom_margin_phone=\u00bb0px||||false|false\u00bb custom_margin_last_edited=\u00bbon|phone\u00bb custom_padding=\u00bb1px||0px||false|false\u00bb custom_padding_tablet=\u00bb\u00bb custom_padding_phone=\u00bb48px||48px||true|false\u00bb saved_tabs=\u00bball\u00bb locked=\u00bboff\u00bb global_colors_info=\u00bb{}\u00bb][et_pb_row column_structure=\u00bb1_4,1_4,1_2&#8243; custom_padding_last_edited=\u00bbon|phone\u00bb _builder_version=\u00bb4.27.2&#8243; use_background_color_gradient=\u00bbon\u00bb background_color_gradient_direction=\u00bb135deg\u00bb background_color_gradient_stops=\u00bbrgba(23,0,190,0) 36%|#9fd123 36%\u00bb background_color_gradient_start=\u00bbrgba(23,0,190,0)\u00bb background_color_gradient_start_position=\u00bb36%\u00bb background_color_gradient_end=\u00bb#1700be\u00bb background_color_gradient_end_position=\u00bb0%\u00bb background_enable_image=\u00bboff\u00bb custom_margin=\u00bb-80px||||false|false\u00bb custom_margin_tablet=\u00bb\u00bb custom_margin_phone=\u00bb0px||||false|false\u00bb custom_margin_last_edited=\u00bbon|phone\u00bb custom_padding=\u00bb160px||50px||false|false\u00bb custom_padding_tablet=\u00bb||||false|false\u00bb custom_padding_phone=\u00bb0px||||false|false\u00bb background_last_edited=\u00bbon|phone\u00bb use_background_color_gradient_phone=\u00bboff\u00bb box_shadow_style=\u00bbpreset4&#8243; box_shadow_horizontal=\u00bb30vw\u00bb box_shadow_vertical=\u00bb0px\u00bb box_shadow_color=\u00bb#9fd123&#8243; box_shadow_horizontal_tablet=\u00bb\u00bb box_shadow_horizontal_phone=\u00bb0vw\u00bb box_shadow_horizontal_last_edited=\u00bbon|phone\u00bb global_colors_info=\u00bb{}\u00bb][et_pb_column type=\u00bb1_4&#8243; _builder_version=\u00bb4.16&#8243; global_colors_info=\u00bb{}\u00bb][et_pb_text _builder_version=\u00bb4.27.2&#8243; header_3_font=\u00bbKanit|700|||||||\u00bb header_3_font_size=\u00bb24px\u00bb header_3_line_height=\u00bb1.4em\u00bb background_layout=\u00bbdark\u00bb global_colors_info=\u00bb{}\u00bb]<\/p>\n<h3>Contacta<\/h3>\n<p>[\/et_pb_text][et_pb_blurb use_icon=\u00bbon\u00bb font_icon=\u00bb&#xe090;||divi||400&#8243; icon_color=\u00bb#ffffff\u00bb icon_placement=\u00bbleft\u00bb image_icon_width=\u00bb16px\u00bb content_max_width=\u00bb100%\u00bb _builder_version=\u00bb4.27.2&#8243; body_line_height=\u00bb1.2em\u00bb background_layout=\u00bbdark\u00bb animation=\u00bboff\u00bb link_option_url=\u00bb#\u00bb icon_font_size=\u00bb16px\u00bb global_colors_info=\u00bb{}\u00bb]<\/p>\n<p>+34 630 81 05 93<\/p>\n<p>[\/et_pb_blurb][et_pb_blurb use_icon=\u00bbon\u00bb font_icon=\u00bb&#xe076;||divi||400&#8243; icon_color=\u00bb#ffffff\u00bb icon_placement=\u00bbleft\u00bb image_icon_width=\u00bb16px\u00bb content_max_width=\u00bb100%\u00bb _builder_version=\u00bb4.27.2&#8243; body_line_height=\u00bb1.2em\u00bb background_layout=\u00bbdark\u00bb animation=\u00bboff\u00bb link_option_url=\u00bb#\u00bb icon_font_size=\u00bb16px\u00bb global_colors_info=\u00bb{}\u00bb]<\/p>\n<p>info@taxilarapita.com<\/p>\n<p>[\/et_pb_blurb][\/et_pb_column][et_pb_column type=\u00bb1_4&#8243; _builder_version=\u00bb4.16&#8243; global_colors_info=\u00bb{}\u00bb][et_pb_text _builder_version=\u00bb4.27.2&#8243; header_3_font=\u00bbKanit|700|||||||\u00bb header_3_font_size=\u00bb24px\u00bb header_3_line_height=\u00bb1.4em\u00bb background_layout=\u00bbdark\u00bb locked=\u00bboff\u00bb global_colors_info=\u00bb{}\u00bb]<\/p>\n<h3>Links<\/h3>\n<p>[\/et_pb_text][et_pb_text ul_type=\u00bbnone\u00bb ul_item_indent=\u00bb1px\u00bb _builder_version=\u00bb4.27.2&#8243; link_text_color=\u00bb#ffffff\u00bb ul_font_size=\u00bb16px\u00bb ul_line_height=\u00bb2em\u00bb background_layout=\u00bbdark\u00bb locked=\u00bboff\u00bb global_colors_info=\u00bb{}\u00bb]<\/p>\n<ul>\n<li>Politica de cookies<\/li>\n<li>Nota legal<\/li>\n<\/ul>\n<p>[\/et_pb_text][\/et_pb_column][et_pb_column type=\u00bb1_2&#8243; _builder_version=\u00bb4.16&#8243; global_colors_info=\u00bb{}\u00bb][\/et_pb_column][\/et_pb_row][\/et_pb_section]<\/p>\n","protected":false},"excerpt":{"rendered":"<p>Taxi la R\u00e0pitaServei de taxi Terres de l&#8217;Ebre100% Satisfaci\u00f3 garantidaFusce posuere massa lectus, non placerat tortor varius ac. Praesent finibus lectus vel.Taxi la R\u00e0pitaContacta+34 630 81 05 93info@taxilarapita.comLinks Politica de cookies Nota legal<\/p>\n","protected":false},"author":1,"featured_media":0,"parent":0,"menu_order":0,"comment_status":"closed","ping_status":"closed","template":"page-template-blank.php","meta":{"_et_pb_use_builder":"on","_et_pb_old_content":"","_et_gb_content_width":"","footnotes":""},"class_list":["post-10","page","type-page","status-publish","hentry"],"_links":{"self":[{"href":"https:\/\/taxilarapita.com\/index.php\/wp-json\/wp\/v2\/pages\/10","targetHints":{"allow":["GET"]}}],"collection":[{"href":"https:\/\/taxilarapita.com\/index.php\/wp-json\/wp\/v2\/pages"}],"about":[{"href":"https:\/\/taxilarapita.com\/index.php\/wp-json\/wp\/v2\/types\/page"}],"author":[{"embeddable":true,"href":"https:\/\/taxilarapita.com\/index.php\/wp-json\/wp\/v2\/users\/1"}],"replies":[{"embeddable":true,"href":"https:\/\/taxilarapita.com\/index.php\/wp-json\/wp\/v2\/comments?post=10"}],"version-history":[{"count":13,"href":"https:\/\/taxilarapita.com\/index.php\/wp-json\/wp\/v2\/pages\/10\/revisions"}],"predecessor-version":[{"id":44,"href":"https:\/\/taxilarapita.com\/index.php\/wp-json\/wp\/v2\/pages\/10\/revisions\/44"}],"wp:attachment":[{"href":"https:\/\/taxilarapita.com\/index.php\/wp-json\/wp\/v2\/media?parent=10"}],"curies":[{"name":"wp","href":"https:\/\/api.w.org\/{rel}","templated":true}]}}